{"id":1027,"date":"2023-05-07T18:46:46","date_gmt":"2023-05-07T15:46:46","guid":{"rendered":"https:\/\/hynninen.datalatu.fi\/?page_id=1027"},"modified":"2023-05-07T18:46:46","modified_gmt":"2023-05-07T15:46:46","slug":"enonkosken-yrityskummit-veli-matti-hynninen-tuomo-jantunen-ja-matti-sippola","status":"publish","type":"page","link":"https:\/\/www.hynninen.info\/?page_id=1027","title":{"rendered":"Enonkosken yrityskummit Veli-Matti Hynninen, Tuomo Jantunen ja Matti Sippola"},"content":{"rendered":"\n<figure class=\"wp-block-image\"><img decoding=\"async\" src=\"https:\/\/www.hynninen.info\/kuvat\/hiljaisu.jpg\" alt=\"\"\/><\/figure>\n\n\n\n<p><img decoding=\"async\" src=\"http:\/\/www.hynninen.info\/images\/p.jpg\" alt=\"\"><strong>&nbsp;Kuuntele &#8221;Pintaa syvemm\u00e4lle&#8221;&nbsp;<a href=\"http:\/\/extra.radiodei.fi\/ASX\/OnLine\/AirCheck_250703214402.ASX\" target=\"_blank\" rel=\"noreferrer noopener\">[ t\u00e4st\u00e4 ]<\/a><\/strong><\/p>\n\n\n\n<p>Yrityskummit suunnittelevat Enonkoskelle parhaillaan saunaprojektia, Enonkoskesta on hyv\u00e4\u00e4 vauhtia tulossa maailman tunnetuin saunapit\u00e4j\u00e4.<br>Enonkosken luostarissa pidett\u00e4v\u00e4t hiljaisuuden retriitit laajenevat luontoon ja m\u00f6keille. Enonkoski on saunan, hiljaisuuden ja rauhan kotipaikka.<\/p>\n","protected":false},"excerpt":{"rendered":"<p>&nbsp;Kuuntele &#8221;Pintaa syvemm\u00e4lle&#8221;&nbsp;[ t\u00e4st\u00e4 ] Yrityskummit suunnittelevat Enonkoskelle parhaillaan saunaprojektia, Enonkoskesta on hyv\u00e4\u00e4 vauhtia tulossa maailman tunnetuin saunapit\u00e4j\u00e4.Enonkosken luostarissa pidett\u00e4v\u00e4t hiljaisuuden retriitit laajenevat luontoon ja m\u00f6keille. Enonkoski on saunan, hiljaisuuden ja rauhan kotipaikka.<\/p>\n","protected":false},"author":1,"featured_media":0,"parent":1023,"menu_order":0,"comment_status":"closed","ping_status":"closed","template":"","meta":{"footnotes":""},"class_list":["post-1027","page","type-page","status-publish","hentry","nodate","item-wrap"],"_links":{"self":[{"href":"https:\/\/www.hynninen.info\/index.php?rest_route=\/wp\/v2\/pages\/1027","targetHints":{"allow":["GET"]}}],"collection":[{"href":"https:\/\/www.hynninen.info\/index.php?rest_route=\/wp\/v2\/pages"}],"about":[{"href":"https:\/\/www.hynninen.info\/index.php?rest_route=\/wp\/v2\/types\/page"}],"author":[{"embeddable":true,"href":"https:\/\/www.hynninen.info\/index.php?rest_route=\/wp\/v2\/users\/1"}],"replies":[{"embeddable":true,"href":"https:\/\/www.hynninen.info\/index.php?rest_route=%2Fwp%2Fv2%2Fcomments&post=1027"}],"version-history":[{"count":1,"href":"https:\/\/www.hynninen.info\/index.php?rest_route=\/wp\/v2\/pages\/1027\/revisions"}],"predecessor-version":[{"id":1028,"href":"https:\/\/www.hynninen.info\/index.php?rest_route=\/wp\/v2\/pages\/1027\/revisions\/1028"}],"up":[{"embeddable":true,"href":"https:\/\/www.hynninen.info\/index.php?rest_route=\/wp\/v2\/pages\/1023"}],"wp:attachment":[{"href":"https:\/\/www.hynninen.info\/index.php?rest_route=%2Fwp%2Fv2%2Fmedia&parent=1027"}],"curies":[{"name":"wp","href":"https:\/\/api.w.org\/{rel}","templated":true}]}}