{"id":1029,"date":"2023-05-07T18:47:40","date_gmt":"2023-05-07T15:47:40","guid":{"rendered":"https:\/\/hynninen.datalatu.fi\/?page_id=1029"},"modified":"2023-05-07T18:47:40","modified_gmt":"2023-05-07T15:47:40","slug":"millennium-2000-vuosituhannen-muistomerkki","status":"publish","type":"page","link":"https:\/\/www.hynninen.info\/?page_id=1029","title":{"rendered":"Millennium 2000 vuosituhannen muistomerkki"},"content":{"rendered":"\n<figure class=\"wp-block-image\"><img decoding=\"async\" src=\"https:\/\/www.hynninen.info\/kuvat\/jazz.jpg\" alt=\"\"\/><\/figure>\n\n\n\n<p>Loviisan rauhanfoorumin suojelija: TASAVALLAN PRESIDENTTI TARJA HALONEN<\/p>\n\n\n\n<p>Suunnittelu: kuvanveist\u00e4j\u00e4 Villu Jaanisoo ja arkkitehti Jorma Mukala<\/p>\n\n\n\n<p>Millennium-toimikunta: puheenjohta professori Ole Wasz-H\u00f6ckert, asiantuntijaj\u00e4sen professori Jukka Pellinen<\/p>\n\n\n\n<p>Toimikuntaa t\u00e4ydennet\u00e4\u00e4n parhaillaan.<\/p>\n\n\n\n<p>Loviisan Rauhanjazz 2000 kuuluu rauhanfoorumin 4.-6.8.2000 ohjelmaan. Rauhanjazzin taiteellinen johtaja on Jari Perki\u00f6nm\u00e4ki. MILLENIUM 2000 monumentti on suunniteltu Loviisan rantapuistoon t\u00e4st\u00e4 kuvasta katsoen vasemmalle.<\/p>\n","protected":false},"excerpt":{"rendered":"<p>Loviisan rauhanfoorumin suojelija: TASAVALLAN PRESIDENTTI TARJA HALONEN Suunnittelu: kuvanveist\u00e4j\u00e4 Villu Jaanisoo ja arkkitehti Jorma Mukala Millennium-toimikunta: puheenjohta professori Ole Wasz-H\u00f6ckert, asiantuntijaj\u00e4sen professori Jukka Pellinen Toimikuntaa t\u00e4ydennet\u00e4\u00e4n parhaillaan. Loviisan Rauhanjazz 2000 kuuluu rauhanfoorumin 4.-6.8.2000 ohjelmaan. Rauhanjazzin taiteellinen johtaja on Jari Perki\u00f6nm\u00e4ki. MILLENIUM 2000 monumentti on suunniteltu Loviisan rantapuistoon t\u00e4st\u00e4 kuvasta katsoen vasemmalle.<\/p>\n","protected":false},"author":1,"featured_media":0,"parent":1023,"menu_order":0,"comment_status":"closed","ping_status":"closed","template":"","meta":{"footnotes":""},"class_list":["post-1029","page","type-page","status-publish","hentry","nodate","item-wrap"],"_links":{"self":[{"href":"https:\/\/www.hynninen.info\/index.php?rest_route=\/wp\/v2\/pages\/1029","targetHints":{"allow":["GET"]}}],"collection":[{"href":"https:\/\/www.hynninen.info\/index.php?rest_route=\/wp\/v2\/pages"}],"about":[{"href":"https:\/\/www.hynninen.info\/index.php?rest_route=\/wp\/v2\/types\/page"}],"author":[{"embeddable":true,"href":"https:\/\/www.hynninen.info\/index.php?rest_route=\/wp\/v2\/users\/1"}],"replies":[{"embeddable":true,"href":"https:\/\/www.hynninen.info\/index.php?rest_route=%2Fwp%2Fv2%2Fcomments&post=1029"}],"version-history":[{"count":1,"href":"https:\/\/www.hynninen.info\/index.php?rest_route=\/wp\/v2\/pages\/1029\/revisions"}],"predecessor-version":[{"id":1030,"href":"https:\/\/www.hynninen.info\/index.php?rest_route=\/wp\/v2\/pages\/1029\/revisions\/1030"}],"up":[{"embeddable":true,"href":"https:\/\/www.hynninen.info\/index.php?rest_route=\/wp\/v2\/pages\/1023"}],"wp:attachment":[{"href":"https:\/\/www.hynninen.info\/index.php?rest_route=%2Fwp%2Fv2%2Fmedia&parent=1029"}],"curies":[{"name":"wp","href":"https:\/\/api.w.org\/{rel}","templated":true}]}}