{"id":1031,"date":"2023-05-07T18:48:04","date_gmt":"2023-05-07T15:48:04","guid":{"rendered":"https:\/\/hynninen.datalatu.fi\/?page_id=1031"},"modified":"2023-05-07T18:48:04","modified_gmt":"2023-05-07T15:48:04","slug":"enonkosken-luterilainen-luostariyhteiso","status":"publish","type":"page","link":"https:\/\/www.hynninen.info\/?page_id=1031","title":{"rendered":"Enonkosken luterilainen luostariyhteis\u00f6"},"content":{"rendered":"\n<figure class=\"wp-block-table\"><table><tbody><tr><td><img decoding=\"async\" src=\"https:\/\/www.hynninen.info\/kuvat\/tb\/tb_luostri.jpg\" alt=\"\"><\/td><td><img decoding=\"async\" src=\"https:\/\/www.hynninen.info\/kuvat\/tb\/tb_vode.jpg\" alt=\"\"><\/td><td><img decoding=\"async\" src=\"https:\/\/www.hynninen.info\/kuvat\/tb\/tb_orlando.jpg\" alt=\"\"><\/td><\/tr><\/tbody><\/table><\/figure>\n\n\n\n<p>Enonkosken luterilainen luostariyhteis\u00f6<br>Ihamaniementie 848<br>58180 Ihamaniemi<br>Puh 015-446558\/ sisar-Virva.<\/p>\n\n\n\n<p>Enonkosken luostariyhteis\u00f6 Ihamaniemell\u00e4. Orlando Molina ja sisar Virva. Piispa Voitto Huotari luostarn Pyh\u00e4n Kolminaisuuden kappelissa. Luostarin tukiyhdistyksen hallituksen puheenjohtaja on Enonkosken kirkkoherra Toivo Loikkanen ja varapuheenjohtajana toimii kirkkoherra Veli-Matti Hynninen Loviisasta. Heid\u00e4n lis\u00e4kseen hallitukseen kuuluvat p\u00e4\u00e4sihteeri Ouri Mattila Mikkelist\u00e4, pastori Orlando Molina Helsingist\u00e4, Kaarina Peltonen Kaarinasta sek\u00e4 maisteri Liisa Varho Helsingist\u00e4.<\/p>\n","protected":false},"excerpt":{"rendered":"<p>Enonkosken luterilainen luostariyhteis\u00f6Ihamaniementie 84858180 IhamaniemiPuh 015-446558\/ sisar-Virva. Enonkosken luostariyhteis\u00f6 Ihamaniemell\u00e4. Orlando Molina ja sisar Virva. Piispa Voitto Huotari luostarn Pyh\u00e4n Kolminaisuuden kappelissa. Luostarin tukiyhdistyksen hallituksen puheenjohtaja on Enonkosken kirkkoherra Toivo Loikkanen ja varapuheenjohtajana toimii kirkkoherra Veli-Matti Hynninen Loviisasta. Heid\u00e4n lis\u00e4kseen hallitukseen kuuluvat p\u00e4\u00e4sihteeri Ouri Mattila Mikkelist\u00e4, pastori Orlando Molina Helsingist\u00e4, Kaarina Peltonen Kaarinasta sek\u00e4 maisteri &hellip; <\/p>\n<p><a class=\"more-link btn\" href=\"https:\/\/www.hynninen.info\/?page_id=1031\">Jatka lukemista<\/a><\/p>\n","protected":false},"author":1,"featured_media":0,"parent":1023,"menu_order":0,"comment_status":"closed","ping_status":"closed","template":"","meta":{"footnotes":""},"class_list":["post-1031","page","type-page","status-publish","hentry","nodate","item-wrap"],"_links":{"self":[{"href":"https:\/\/www.hynninen.info\/index.php?rest_route=\/wp\/v2\/pages\/1031","targetHints":{"allow":["GET"]}}],"collection":[{"href":"https:\/\/www.hynninen.info\/index.php?rest_route=\/wp\/v2\/pages"}],"about":[{"href":"https:\/\/www.hynninen.info\/index.php?rest_route=\/wp\/v2\/types\/page"}],"author":[{"embeddable":true,"href":"https:\/\/www.hynninen.info\/index.php?rest_route=\/wp\/v2\/users\/1"}],"replies":[{"embeddable":true,"href":"https:\/\/www.hynninen.info\/index.php?rest_route=%2Fwp%2Fv2%2Fcomments&post=1031"}],"version-history":[{"count":1,"href":"https:\/\/www.hynninen.info\/index.php?rest_route=\/wp\/v2\/pages\/1031\/revisions"}],"predecessor-version":[{"id":1032,"href":"https:\/\/www.hynninen.info\/index.php?rest_route=\/wp\/v2\/pages\/1031\/revisions\/1032"}],"up":[{"embeddable":true,"href":"https:\/\/www.hynninen.info\/index.php?rest_route=\/wp\/v2\/pages\/1023"}],"wp:attachment":[{"href":"https:\/\/www.hynninen.info\/index.php?rest_route=%2Fwp%2Fv2%2Fmedia&parent=1031"}],"curies":[{"name":"wp","href":"https:\/\/api.w.org\/{rel}","templated":true}]}}