{"id":1035,"date":"2023-05-07T18:48:45","date_gmt":"2023-05-07T15:48:45","guid":{"rendered":"https:\/\/hynninen.datalatu.fi\/?page_id=1035"},"modified":"2023-05-07T18:48:45","modified_gmt":"2023-05-07T15:48:45","slug":"ocm-suomenlahti","status":"publish","type":"page","link":"https:\/\/www.hynninen.info\/?page_id=1035","title":{"rendered":"OCM-Suomenlahti"},"content":{"rendered":"\n<figure class=\"wp-block-table\"><table><tbody><tr><td><br><br><strong>Arvoisat Ritariveljet ja Ladyt<\/strong><br><br>Kymmenett\u00e4 vuotta kest\u00e4neen komtuurikauteni p\u00e4\u00e4ttyess\u00e4 kiit\u00e4n l\u00e4mp\u00f6isesti teit\u00e4 menneiden vuosien mukanaolosta ja toiminnasta. Komturiamme perustamisesta (29.10.1997) tuli juuri kuluneeksi yhdeks\u00e4n vuotta, joten seuraavaksi saamme viett\u00e4\u00e4 py\u00f6re\u00e4\u00e4 kymmenvuotisjuhlaa.<br><br>Ylim\u00e4\u00e4r\u00e4isess\u00e4 vuosikokouksessa 30.10.2007 valitsimme uudeksi komtuuriksi Mika Pynn\u00f6sen. L\u00e4mp\u00f6iset onnittelut!<br><br>Hallitukseen valittiin h\u00e4nen lis\u00e4kseen Veli-Matti Hynninen. Tiit Salum\u00e4e ja Juha Turja. Luovutan komtuurin riipuksen Mikalle menestyksen ja siunauksen toivotuksin. Tulen kiitollisena kantamaan emeritus-komtuurin hopeariipusta, jonka valittu komtuuri voi luovuttaa edelt\u00e4j\u00e4lleen.<br><br>Vuoden 2007 ensimm\u00e4inen kokoontumisemme pidet\u00e4\u00e4n teatterin merkeiss\u00e4 loppiaisaattona, perjantaina 5.1.2007 klo 19-23.30.<br><br>Aloitamme illan teatteriperinteemme mukaisesti Helsingin Kaupunginteatterin Studio Elsassa, Ensi linja 2, klo 19. Morris Panychin n\u00e4ytelm\u00e4ss\u00e4 T\u00e4ti ja min\u00e4 (Auntie and Me) n\u00e4yttelev\u00e4t Ritva Valkama ja Jouko Klemettil\u00e4. Esitys kest\u00e4\u00e4 kaksi tuntia.<br><br>Pyyd\u00e4n ilmoittamaan minulle tulostanne ja suorittamaan maksun (23 euroa) tililleni 203118-60680 perjantaihin 15.12.2006 menness\u00e4.<br><br>Heti teatterin j\u00e4lkeen noin 21.15 siirrymme teatteri-illalliselle ritarikuntamme kantapaikkaan Ravintola Graniittilinnaan, S\u00e4\u00e4st\u00f6pankinranta 6 (Hakanimen torin tuntumassa).<br><br>On ilo tavata ritarillisissa merkeiss\u00e4 ja k\u00e4ynnist\u00e4\u00e4 uutta vuotta arvokkaassa seurassanne.<br><br>Valoa kaamokseen ja iloa adventinaikaan!<br><br>Helsingiss\u00e4 30.11.2006<br><br>Veli-Matti Hynninen<br>emeritus<br><br><strong>Rakkaat Ritariveljet ja Ladyt<\/strong><br><br>Kuuma ja kaunis kes\u00e4 lahjoitti meille my\u00f6s onnistuneet ritarip\u00e4iv\u00e4t Tallinnassa. Korkeatasoinen ohjelma ja runsas osanotto kruunasivat ponnistelumme ritarip\u00e4ivien onnistumiseksi. Kiitokset kaikille teille.<br><br>Komturiamme hallituksen (Veli-Matti Hynninen, Kuno Pajula, Matti Paavilainen ja Mika Pynn\u00f6nen) ja allekirjoittaneen toimikausi p\u00e4\u00e4ttyy 31.10.2006. Sit\u00e4 ennen pid\u00e4mme vuosikokouksen maanantaina 30.10.2006 klo 18-22 Ravintola Graniittilinnassa (Kabinetit Linna ja Olvi varattu meille) , S\u00e4\u00e4st\u00f6pankinranta 6, Helsinki (Hakaniemen torin tuntumassa).<br><br>OCM-Suomenlahti perustettiin Loviisan pappilassa 29.10. 1997. T\u00e4yt\u00e4mme siis yhdeks\u00e4n (9) vuotta 29.10.2006. Vuosikokouksen yhteydess\u00e4 nautimme yhdeks\u00e4nvuotisjuhla-aterian ja samalla mietti\u00e4 miten juhlistamme vuoden kuluttua py\u00f6reit\u00e4 vuosiamme.<br><br>Vuosikokouksessa valitsemme komtuurin, sihteerin, rahastonhoitajan ja hallituksen. Laadimme my\u00f6s toimintasuunnitelman uudelle toimintakaudelle ja k\u00e4ymme l\u00e4pi muut vuosikokousasiat.<br><br>Vuoden 2006 j\u00e4senmaksu 100 euroa suoritetaan lokakuun aikana tilille OCM-Suomenlahti 112430-205990. Viitenumerosi on t\u00e4rke\u00e4\u00e4 merkit\u00e4 suoritukseen.<br><br>L\u00e4mp\u00f6isin ritariterveisin Helsingiss\u00e4 Aleksis Kiven p\u00e4iv\u00e4n\u00e4 10.10.2006<br><br>Veli-Matti Hynninen<br>komtuuri<br><strong>Kutsu teatteriin ja ritari-illalliselle 2.5.2006 klo 19<br><br>Arvoisat Ritarit ja Ladyt<\/strong><br><br>Komturiamme on saanut kunniateht\u00e4v\u00e4n j\u00e4rjest\u00e4\u00e4 ritarip\u00e4iv\u00e4t 19.-21.5.2006 Tallinnaan.<br>Olette saaneet jo ohjelman ja ilmoittautumisohjeet 3.4. menness\u00e4.\u00a0Toivon hartaasti, ett\u00e4 j\u00e4rjest\u00e4jin\u00e4 ja ritarip\u00e4ivien is\u00e4ntin\u00e4 voisimme olla mahdollisimman t\u00e4ysilukuisina paikalla\u00a0Tallinnassa. Pyyd\u00e4n kohteliaimmin, ett\u00e4 varmistatte mukana olonne.<br><br>Ennen ritarip\u00e4ivi\u00e4 pid\u00e4mme OCM-Suomenlahden oman illanvieton Helsingiss\u00e4 heti vapun j\u00e4lkeen 2.5.klo 19-24. Aloitamme illan Helsingin Kaupunginteatterissa klo 19. Ohjelmassa on unohtumaton suurmusikaali\u00a0<strong>EVITA<\/strong>. Musikaali seuraa legendaarisen Evitan el\u00e4m\u00e4\u00e4 Juan Peronin vaimona. Kun h\u00e4nen diktaattorimainen miehens\u00e4 kohoaa presidentiksi, karismaattinen kaunotar Evita ylenee samalla Etel\u00e4-Amerikan mahtavimmaksi naiseksi.<br><br>Evitan j\u00e4lkeen siirrymme viihtyis\u00e4\u00e4n\u00a0<strong>Graniittilinnaan<\/strong>, jossa pid\u00e4mme kev\u00e4tkokouksen ja nautimme ritari-illallisen. Teatterilipun (47 e) lis\u00e4ksi jokainen huolehtii itse illalliskuluistaan (ruoka-ja juomavalinnoistaan). Mukaan on kutsuttu Virosta ritarip\u00e4iv\u00e4sihteerimme Triin Aermates, joka kertoo Tallinnan ritarip\u00e4ivien yksityiskohdista.<br><br>Odotan, ett\u00e4 ilmoitatte minulle s\u00e4hk\u00f6postilla tai tekstiviestill\u00e4 osallistumisestanne ritari-illanviettoomme pian, viimeist\u00e4\u00e4n 19. huhtikuuta.<br><br>Iloa ja siunausta paastonaikaan ja l\u00e4hestyv\u00e4\u00e4n p\u00e4\u00e4si\u00e4iseen.<br><br>Helsingiss\u00e4 paastonaikana 30.3.2006<br><br>Ritariterveisin<br>Veli-Matti Hynninen<br><strong>Rakkaat Ritariveljet + Ladyt<\/strong><br><br>Toivotan iloa ja aurinkoa kukoistavaan loppukes\u00e4\u00e4n.<br><br>Uudistan kunnioittavan kutsun saapua 27.8.klo 14 Loviisan pappilaan (Rantatie 44) ja klo 18 Loviisan kirkkoon kes\u00e4np\u00e4\u00e4t\u00f6sjuhlaan (ohessa kutsukortti).<br><br>It\u00e4-Suomen komtuurian kanssa teht\u00e4v\u00e4 yhteismatka (ritarit + ladyt) Viroon 30.9.-2.10. l\u00e4hestyy. L\u00e4ht\u00f6 perjantaina 30.9. illan suussa ja paluu sunnuntai-iltana my\u00f6h\u00e4\u00e4n. Perjantaista lauantaihin olemme Tallinnassa ja lauantaista sunnuntaihin Haapsalussa. Tarkempi ohjelma ja kustannukset selvi\u00e4v\u00e4t vasta kun osanottajam\u00e4\u00e4r\u00e4 vahvistuu. Pyyd\u00e4n ilmoittautumaan minulle pian, viimeist\u00e4\u00e4n 27.8. menness\u00e4.<br><br>Ohessa on my\u00f6s painoon menev\u00e4\u00e4 rosteria koskeva kirje. Pyyd\u00e4n, ett\u00e4 tarkastatte vanhasta rosterista yhteys- ynn\u00e4 muut tietonne ja l\u00e4het\u00e4tte suoraan korjaukset p\u00e4\u00e4sihteerille j-schumacher@kolumbus.fi pikaisesti (viimeist\u00e4\u00e4n 16.8. menness\u00e4).<br><br>L\u00e4mp\u00f6isin ritariterveisin<br>Veli-Matti Hynninen, 20050809<br><br><strong>ONNITTELUT ANDRES P\u00d6DERILLE<\/strong><br>OCM-Suomenlahden ritariveli Andres P\u00f6der on valittu Viron arkkipiispaksi.<br>Parhaimmat onnen ja siunauksen toivotukset rakkaalle ritariveljellemme!<br>Komtuuri<br><br><br>OCM-Suomenlahti<br>Ritarikirje 20050611<br><br><strong>Rakkaat ja Kunnioitetut Ritariveljet<\/strong><br><br>Kes\u00e4 on vallannut mielet, luonto kukoistaa, on suvi sieraimissa ja suussa. Toivotan teille kaikille l\u00e4mp\u00f6ist\u00e4 ja aurinkoista kes\u00e4\u00e4.<br><br>Komturiamme oli hyvin edustettuna Vaasan ritarip\u00e4ivill\u00e4 toukokuussa. Opetusneuvos Veikko P\u00f6yh\u00f6nen ly\u00f6tiin ritariksi. Parhaimmat onnittelut ritariveljellemme Veikolle. Joitakin kuvia on n\u00e4ht\u00e4v\u00e4n\u00e4 kotisivullani\u00a0<a rel=\"noreferrer noopener\" href=\"http:\/\/www.hynninen.info\/\" target=\"_blank\">www.hynninen.info<\/a>. My\u00f6s ritarikunnan asioista voi lukea samalta sivulta\u00a0<a rel=\"noreferrer noopener\" href=\"http:\/\/www.hynninen.info\/OCM-Suomenlahti\" target=\"_blank\">www.hynninen.info\/OCM-Suomenlahti<\/a>. Saimme my\u00f6s teht\u00e4v\u00e4ksi ryhty\u00e4 valmistelemaan ensi kev\u00e4\u00e4n ritarip\u00e4ivi\u00e4 19.-21.5.2006 Loviisaan tai Tallinnaan (tai yhdistettyn\u00e4 molempiin).<br><br>Ensimm\u00e4inen valmistelukokous pidet\u00e4\u00e4n 14.6. klo 13-15 Tallinnassa Viron kirkon konsistoriossa. Kokoukseen on kutsuttu komturiamme hallitus (Kuno Pajula, Matti Paavilainen, Mika Pynn\u00f6nen, Veli-Matti Hynninen) sek\u00e4 virolaiset ritarit Andres P\u00f6der, Tiit Salum\u00e4e ja Raido R\u00fc\u00fctel. Olen kutsunut kokoukseen my\u00f6s Juha Turjan ja Martti V\u00e4kev\u00e4n, jotka ovat siihen aikaan Virossa. Jos matkanne osuisi tuona p\u00e4iv\u00e4n\u00e4 Tallinnaan, tervetuloa suunnitteluun mukaan. T\u00e4rkein teht\u00e4v\u00e4mme t\u00e4ss\u00e4 vaiheessa on ratkaista ritarip\u00e4ivien pitopaikka ja alustava ohjelma.<br><br><strong>Kutsun ritarikuntamme j\u00e4senet osallistumaan my\u00f6s muihin kes\u00e4n tapahtumiin:<br><\/strong><br>5-7.8.2005 Loviisan rauhanfoorumissa uskonnot kohtaavat ekumenian hengess\u00e4. Puhujina mm. oikeushammasl\u00e4\u00e4k\u00e4ri Helena Ranta, suurl\u00e4hettil\u00e4s Ilari Rantakasi ja ministerineuvos Kari Kahiluoto. Ohjelmassa konsertteja, puisto- ja toritapahtumia, kynttil\u00e4kulkue ynn\u00e4 muuta kiinnostavaa. (kts. www.rauhanfoorumi.fi)<br><br>Torstaina 7.7. klo 18 kutsumme teid\u00e4t allekirjoittaneen kes\u00e4maalle Enonkoskelle seuroihin. Puhujina ovat mm. Ahti Hirvonen, Raimo &#8221;H\u00f6yry&#8221; H\u00e4yrinen ja &#8221;imaami&#8221; Seppo Kosonen. Tarjolla savusauna ja muikkuja.<br><br>Lauantaina 27.8.klo 14 odotamme teit\u00e4 hartaasti Loviisan pappilaan perinteiseen kes\u00e4np\u00e4\u00e4t\u00f6sjuhlaan. Ohjelman lomassa pient\u00e4 purtavaa muurinpohjalta ja maakunnalliset seurat Loviisan kirkossa. Mukana mm. Her\u00e4nn\u00e4isnuorten kuoro.<br><br>Syksyll\u00e4 30.9. \u20132.10. on suunnitteilla It\u00e4-Suomen komturian kanssa retki Viron Haapsaluun. Loppuvuoden ohjelmaan kuuluu perinteisi\u00e4 teatteriretki\u00e4 ja ritari-illallisia. Kansainv\u00e4lisille ritarip\u00e4iville ilmoittautuneet matkustavat Konstanziin syyskuussa.<br><br><strong>Vuoden 2005 j\u00e4senmaksu<br><\/strong><br>Pyyd\u00e4n suorittamaan j\u00e4senmaksun 100 euroa kes\u00e4kuun aikana OCM-Suomenlahden tilille<br><br>Viitenumerosi on t\u00e4rke\u00e4.<br><br>Ritarikuntamme on saanut uuden suojelijan Theodorus II:n. Rukoilemme h\u00e4nen pyhyydelleen parhainta menestyst\u00e4.<br><br>L\u00e4mp\u00f6isin toivotuksin Loviisan pappilasta<br><br>Veli-Matti Hynninen<br>komtuuri<br><a rel=\"noreferrer noopener\" href=\"http:\/\/www.hynninen.info\/\" target=\"_blank\">www.hynninen.info<\/a><br><a rel=\"noreferrer noopener\" href=\"http:\/\/www.hynninen.info\/OCM-Suomenlahti\" target=\"_blank\">www.hynninen.info\/OCM-Suomenlahti<\/a><br>0400-214971<br><br><br><strong>ORDO SANCTI CONSTANTINI MAGNI<\/strong><br><br>Kansainv\u00e4linen Hallitus<br><br>Kansleri Raimo Ilaskivi<br>P\u00e4\u00e4sihteeri J\u00fcrgen Schumacher<br>Varakansleri Hans-Olof Kvist<br>Varainhoitaja Reino Koskinen<br><br>Kiit\u00e4n syd\u00e4mellisesti arvokkaasta onnittelustanne 2003-09-04 vastaanotettuani rauhanl\u00e4hettil\u00e4\u00e4n arvon ja piispallisen siunauskirjan.<br><br>Toivotan kauttanne parhainta menestyst\u00e4 ja siunausta ritarikunnallemme.<br><br>Loviisan pappilassa 2003-09-08<br><br>Veli-Matti Hynninen<br>OCM-Suomenlahden komtuuri<br>puh. 0400-214971<img decoding=\"async\" src=\"https:\/\/www.hynninen.info\/kuvat\/tb\/tb_18.jpg\" alt=\"\"><br><img decoding=\"async\" src=\"https:\/\/www.hynninen.info\/kuvat\/tb\/tb_Lampinen.jpg\" alt=\"\"><br><img decoding=\"async\" src=\"https:\/\/www.hynninen.info\/kuvat\/tb\/tb_raimo.jpg\" alt=\"\"><br>OCM-ritarikunnan Suomenlahden komturian ritaripromootio toimitettiin 18.1.1998. Loviisan kirkossa. Promootion aluksi l\u00e4\u00e4ninrovasti Veli-Matti Hynninen toimitti ekumeenisen jumalanpalveluksen, jossa avustivat rovasti Veikko Lisitsin ortodokseisesta kirkosta, Sylvano Kornelio ja Tapio Lumioksa katolisesta kirkosta ja l\u00e4\u00e4nirovasti Tiit Salum\u00e4e Viron luterilaisesta kirkosta. Promootion j\u00e4lkeen vierailtiin Riita Nelimarkan ja Jaakko Seeckin Galleriassa Bongan linnassa. Juhlap\u00e4iv\u00e4llisell\u00e4 Skan Ravintolassa puhuivat komtuuri Veli-Matti Hynninen, p\u00e4\u00e4sihteeri Torsten Vorselman ja ritari Raido R\u00fc\u00fctel.<br><br>OCM-Suomenlahden komturian hallitus: komtuuri, l\u00e4\u00e4ninrovasti Veli-Matti Hynninen, varakomtuuri, emeritusarkkippispa Kuno Pajula, sihteeri-rahastonhoitaja, pankinjohtaja Mika Pynn\u00f6nen ja komturian j\u00e4sen, kirjailija Matti Paavilainen. OCM-Suomenlahden ritarit:Rovasti\u00a0<em>Veikko Lisitsin<\/em>, KotkaKirjailija\u00a0<em>Matti Paavilainen<\/em>, KotkaL\u00e4\u00e4ninrovasti\u00a0<em>Veli-Matti Hynninen<\/em>, LoviisaViestint\u00e4johtaja\u00a0<em>Jukka Kesti-Helia<\/em>, LoviisaTy\u00f6njohtaja\u00a0<em>Juha Turja<\/em>, LoviisaOopperalaulaja\u00a0<em>Marko Putkonen,<\/em>\u00a0PernajaPankinjohtaja\u00a0<em>Mika Pynn\u00f6nen<\/em>, PorvooRovasti\u00a0<em>Urpo Kokkonen,<\/em>\u00a0HelsinkiDosentti\u00a0<em>Tapio Lampinen<\/em>, LohjaEmeritusarkkipiispa\u00a0<em>Kuno Pajula<\/em>, TallinnaOsastojohtaja\u00a0<em>Raido R\u00fc\u00fctel,<\/em>\u00a0TallinnaL\u00e4\u00e4ninrovasti<em>\u00a0Tiit Salum\u00e4e<\/em>, Haapsalu<em>Sakari Erolin<\/em>, Kotka<em>Martti V\u00e4kev\u00e4<\/em>, LoviisaKirkkoherra, rovasti\u00a0<em>Andres P\u00f6der<\/em>, PernuHead of Development\/YLE\u00a0<em>Arto Ver\u00e4j\u00e4nkorva\u00a0<\/em>, HelsinkiKaupunginjohtaja\u00a0<em>Olavi Kaleva\u00a0<\/em>, LoviisaToimitusjohtaja\u00a0<em>Oskar Vilkevuori<\/em>, Helsinki\u00a0<strong>Ordo Sancti Constantinti (OCM) ritarikunnan kansainv\u00e4liset ritarip\u00e4iv\u00e4t pidettiin Helsingiss\u00e4 12.-14.6.1998\u00a0<\/strong>Ritarikunnan suojelija, Aleksandrian patriarkka<strong>\u00a0Petros VII<\/strong>\u00a0oli silloin ritarikunnan vieraana. OCM-Suomenlahden ritarikokelaat arkkipiispa Kuno Pajula ja dosentti Tapio Lampinen ly\u00f6tiin silloin ritareiksi.<a href=\"https:\/\/www.hynninen.info\/Kirje_komtuurilta_14_9_2004.php\">Kirje komtuurilta 14.9.2004<\/a><a href=\"https:\/\/www.hynninen.info\/25082003.php\">Tiedote 25.08.2003<\/a><a href=\"https:\/\/www.hynninen.info\/ocm_suomenlahti_komtuuri_23072003.php\">Kutsu Loviisan rauhanfoorumiin 2.-6.8.2003.<\/a><a href=\"https:\/\/www.hynninen.info\/kolumnit\/OCM-Suomenlahden_Komtuuri.htm\">OCM-Suomenlahden Komtuuri 2.7.2002<\/a><a href=\"https:\/\/www.hynninen.info\/kolumnit\/yk.htm\">OCM-Suomenlahden j\u00e4senkirje YK:n viikolla 21.10.2001<\/a><a href=\"https:\/\/www.hynninen.info\/kolumnit\/ordo.htm\">H\u00e4meenlinnan ritarip\u00e4ivien 19.-20.5.2001 kuvasatoa<\/a><a href=\"https:\/\/www.hynninen.info\/kolumnit\/ritariki.htm\">OCM-Suomenlahden j\u00e4senkirje p\u00e4\u00e4si\u00e4isen\u00e4 2001<\/a><a href=\"https:\/\/www.hynninen.info\/kolumnit\/ocmkirje.htm\">OCM-Suomenlahden j\u00e4senkirje 10.1.2000<\/a><a href=\"https:\/\/www.hynninen.info\/kolumnit\/marraski.htm\">OCM-Suomenlahden j\u00e4senkirje 2.11.2000<\/a><a href=\"https:\/\/www.hynninen.info\/kolumnit\/ocmlehte.htm\">Referaatti ritaripromootiosta<\/a><a href=\"https:\/\/www.hynninen.info\/kolumnit\/ocmtied.htm\">Tiedote Helsingin ritarip\u00e4ivist\u00e4 12.-14.6.1998<\/a>\u00a0<\/td><\/tr><\/tbody><\/table><\/figure>\n","protected":false},"excerpt":{"rendered":"<p>Arvoisat Ritariveljet ja Ladyt Kymmenett\u00e4 vuotta kest\u00e4neen komtuurikauteni p\u00e4\u00e4ttyess\u00e4 kiit\u00e4n l\u00e4mp\u00f6isesti teit\u00e4 menneiden vuosien mukanaolosta ja toiminnasta. Komturiamme perustamisesta (29.10.1997) tuli juuri kuluneeksi yhdeks\u00e4n vuotta, joten seuraavaksi saamme viett\u00e4\u00e4 py\u00f6re\u00e4\u00e4 kymmenvuotisjuhlaa. Ylim\u00e4\u00e4r\u00e4isess\u00e4 vuosikokouksessa 30.10.2007 valitsimme uudeksi komtuuriksi Mika Pynn\u00f6sen. L\u00e4mp\u00f6iset onnittelut! Hallitukseen valittiin h\u00e4nen lis\u00e4kseen Veli-Matti Hynninen. Tiit Salum\u00e4e ja Juha Turja. Luovutan komtuurin riipuksen &hellip; <\/p>\n<p><a class=\"more-link btn\" href=\"https:\/\/www.hynninen.info\/?page_id=1035\">Jatka lukemista<\/a><\/p>\n","protected":false},"author":1,"featured_media":0,"parent":1023,"menu_order":0,"comment_status":"closed","ping_status":"closed","template":"","meta":{"footnotes":""},"class_list":["post-1035","page","type-page","status-publish","hentry","nodate","item-wrap"],"_links":{"self":[{"href":"https:\/\/www.hynninen.info\/index.php?rest_route=\/wp\/v2\/pages\/1035","targetHints":{"allow":["GET"]}}],"collection":[{"href":"https:\/\/www.hynninen.info\/index.php?rest_route=\/wp\/v2\/pages"}],"about":[{"href":"https:\/\/www.hynninen.info\/index.php?rest_route=\/wp\/v2\/types\/page"}],"author":[{"embeddable":true,"href":"https:\/\/www.hynninen.info\/index.php?rest_route=\/wp\/v2\/users\/1"}],"replies":[{"embeddable":true,"href":"https:\/\/www.hynninen.info\/index.php?rest_route=%2Fwp%2Fv2%2Fcomments&post=1035"}],"version-history":[{"count":1,"href":"https:\/\/www.hynninen.info\/index.php?rest_route=\/wp\/v2\/pages\/1035\/revisions"}],"predecessor-version":[{"id":1036,"href":"https:\/\/www.hynninen.info\/index.php?rest_route=\/wp\/v2\/pages\/1035\/revisions\/1036"}],"up":[{"embeddable":true,"href":"https:\/\/www.hynninen.info\/index.php?rest_route=\/wp\/v2\/pages\/1023"}],"wp:attachment":[{"href":"https:\/\/www.hynninen.info\/index.php?rest_route=%2Fwp%2Fv2%2Fmedia&parent=1035"}],"curies":[{"name":"wp","href":"https:\/\/api.w.org\/{rel}","templated":true}]}}