{"id":1037,"date":"2023-05-07T18:49:17","date_gmt":"2023-05-07T15:49:17","guid":{"rendered":"https:\/\/hynninen.datalatu.fi\/?page_id=1037"},"modified":"2023-05-07T18:49:17","modified_gmt":"2023-05-07T15:49:17","slug":"csomor-unkari","status":"publish","type":"page","link":"https:\/\/www.hynninen.info\/?page_id=1037","title":{"rendered":"Cs\u00f6m\u00f6r, Unkari"},"content":{"rendered":"\n<figure class=\"wp-block-table\"><table><tbody><tr><td><img decoding=\"async\" src=\"https:\/\/www.hynninen.info\/kuvat\/tb\/tb_pomppo.jpg\" alt=\"\"><\/td><td><img decoding=\"async\" src=\"https:\/\/www.hynninen.info\/kuvat\/tb\/tb_Solymar.jpg\" alt=\"\"><\/td><td><img decoding=\"async\" src=\"https:\/\/www.hynninen.info\/kuvat\/tb\/tb_unkari1.jpg\" alt=\"\"><\/td><\/tr><\/tbody><\/table><\/figure>\n\n\n\n<p>Loviisan suomalaisen seurakunnan yst\u00e4vyysseurakunta Unkarissa on Cs\u00f6m\u00f6rin seurakunta l\u00e4hell\u00e4 Budapestia<\/p>\n\n\n\n<p>Unkaritiedote<br>Kirkkoherra P\u00e9ter Solym\u00e1r Pet\u00f6fi utca 26 2141 Cs\u00f6m\u00f6r Unkari, Hungary puh 990-36-28445030<\/p>\n\n\n\n<p>Suomenkielentaitoinen tulkki Cs\u00f6m\u00f6riss\u00e4 Eszter Solymar puh 990-36-30223114<\/p>\n\n\n\n<p>Toinen suomenkielinen tulkki Cs\u00f6m\u00f6rin seurakunnasta (l\u00e4ht\u00f6isin) kirkkoherra Csaba Baranyay Siofokissa puh 990-368-4310549<\/p>\n\n\n\n<p><a href=\"https:\/\/www.hynninen.info\/unkarilaisvierailu2002.htm\">Cs\u00f6m\u00f6rin yst\u00e4vyysseurakuntavierailun ohjelmasuunnitelma 31.7. \u2013 9.8.2002<\/a><\/p>\n","protected":false},"excerpt":{"rendered":"<p>Loviisan suomalaisen seurakunnan yst\u00e4vyysseurakunta Unkarissa on Cs\u00f6m\u00f6rin seurakunta l\u00e4hell\u00e4 Budapestia UnkaritiedoteKirkkoherra P\u00e9ter Solym\u00e1r Pet\u00f6fi utca 26 2141 Cs\u00f6m\u00f6r Unkari, Hungary puh 990-36-28445030 Suomenkielentaitoinen tulkki Cs\u00f6m\u00f6riss\u00e4 Eszter Solymar puh 990-36-30223114 Toinen suomenkielinen tulkki Cs\u00f6m\u00f6rin seurakunnasta (l\u00e4ht\u00f6isin) kirkkoherra Csaba Baranyay Siofokissa puh 990-368-4310549 Cs\u00f6m\u00f6rin yst\u00e4vyysseurakuntavierailun ohjelmasuunnitelma 31.7. \u2013 9.8.2002<\/p>\n","protected":false},"author":1,"featured_media":0,"parent":1023,"menu_order":0,"comment_status":"closed","ping_status":"closed","template":"","meta":{"footnotes":""},"class_list":["post-1037","page","type-page","status-publish","hentry","nodate","item-wrap"],"_links":{"self":[{"href":"https:\/\/www.hynninen.info\/index.php?rest_route=\/wp\/v2\/pages\/1037","targetHints":{"allow":["GET"]}}],"collection":[{"href":"https:\/\/www.hynninen.info\/index.php?rest_route=\/wp\/v2\/pages"}],"about":[{"href":"https:\/\/www.hynninen.info\/index.php?rest_route=\/wp\/v2\/types\/page"}],"author":[{"embeddable":true,"href":"https:\/\/www.hynninen.info\/index.php?rest_route=\/wp\/v2\/users\/1"}],"replies":[{"embeddable":true,"href":"https:\/\/www.hynninen.info\/index.php?rest_route=%2Fwp%2Fv2%2Fcomments&post=1037"}],"version-history":[{"count":1,"href":"https:\/\/www.hynninen.info\/index.php?rest_route=\/wp\/v2\/pages\/1037\/revisions"}],"predecessor-version":[{"id":1038,"href":"https:\/\/www.hynninen.info\/index.php?rest_route=\/wp\/v2\/pages\/1037\/revisions\/1038"}],"up":[{"embeddable":true,"href":"https:\/\/www.hynninen.info\/index.php?rest_route=\/wp\/v2\/pages\/1023"}],"wp:attachment":[{"href":"https:\/\/www.hynninen.info\/index.php?rest_route=%2Fwp%2Fv2%2Fmedia&parent=1037"}],"curies":[{"name":"wp","href":"https:\/\/api.w.org\/{rel}","templated":true}]}}