{"id":1039,"date":"2023-05-07T18:49:42","date_gmt":"2023-05-07T15:49:42","guid":{"rendered":"https:\/\/hynninen.datalatu.fi\/?page_id=1039"},"modified":"2023-05-07T18:49:42","modified_gmt":"2023-05-07T15:49:42","slug":"haapsalu","status":"publish","type":"page","link":"https:\/\/www.hynninen.info\/?page_id=1039","title":{"rendered":"Haapsalu"},"content":{"rendered":"\n<figure class=\"wp-block-table\"><table><tbody><tr><td><img decoding=\"async\" src=\"https:\/\/www.hynninen.info\/kuvat\/tb\/tb_0824900a.jpg\" alt=\"\"><\/td><td><img decoding=\"async\" src=\"https:\/\/www.hynninen.info\/kuvat\/tb\/tb_tiitsa.jpg\" alt=\"\"><\/td><td><img decoding=\"async\" src=\"https:\/\/www.hynninen.info\/kuvat\/tb\/tb_pullap.jpg\" alt=\"\"><\/td><\/tr><\/tbody><\/table><\/figure>\n\n\n\n<p>The Friendship Congregation of the Finnish Loviisan suomalaisen seurakunnan yst\u00e4vyysseurakunta Virossa on Haapsalun seurakunta EELK Haapsalu P\u00fcha Johannes Kogudus ELCE St. John\u00b4s congregation of Haapsalu Kooli 6 EE 3170 Haapsalu Estonia kirkkoherra., l\u00e4\u00e4ninrovasti Tiit Salum\u00e4e Viron kirkon asessori ja tiedotusjohtaja<br>puh 990-372-47-45457<br>fax 990-372-47-44862<br><br>Yst\u00e4vyysseurakuntaty\u00f6n yhdyshenkil\u00f6 Loviisassa on l\u00e4\u00e4ninrovasti Veli-Matti Hynninen<br>puh 0400-214971<br>fax 019-533527<br><br>Loviisan suomalaisen seurakunnan yst\u00e4vyysseurakunta Virossa on Haapsalun seurakunta EELK Haapsalu P\u00fcha Johannes Kogudus ELCE St. John\u00b4s congregation of Haapsalu Kooli 6 EE 3170<br>Haapsalu Estonia kirkkoherra., l\u00e4\u00e4ninrovasti<br>Tiit Salum\u00e4e<br>Viron kirkon asessori ja tiedotusjohtaja<br>puh 990-372-47-45457<br>fax 990-372-47-44862<br><br>Yst\u00e4vyysseurakuntaty\u00f6n yhdyshenkil\u00f6 Loviisassa on l\u00e4\u00e4ninrovasti<br>Veli-Matti Hynninen<br>puh 0400-214971<br>fax 019-533527<\/p>\n","protected":false},"excerpt":{"rendered":"<p>The Friendship Congregation of the Finnish Loviisan suomalaisen seurakunnan yst\u00e4vyysseurakunta Virossa on Haapsalun seurakunta EELK Haapsalu P\u00fcha Johannes Kogudus ELCE St. John\u00b4s congregation of Haapsalu Kooli 6 EE 3170 Haapsalu Estonia kirkkoherra., l\u00e4\u00e4ninrovasti Tiit Salum\u00e4e Viron kirkon asessori ja tiedotusjohtajapuh 990-372-47-45457fax 990-372-47-44862 Yst\u00e4vyysseurakuntaty\u00f6n yhdyshenkil\u00f6 Loviisassa on l\u00e4\u00e4ninrovasti Veli-Matti Hynninenpuh 0400-214971fax 019-533527 Loviisan suomalaisen seurakunnan yst\u00e4vyysseurakunta &hellip; <\/p>\n<p><a class=\"more-link btn\" href=\"https:\/\/www.hynninen.info\/?page_id=1039\">Jatka lukemista<\/a><\/p>\n","protected":false},"author":1,"featured_media":0,"parent":1023,"menu_order":0,"comment_status":"closed","ping_status":"closed","template":"","meta":{"footnotes":""},"class_list":["post-1039","page","type-page","status-publish","hentry","nodate","item-wrap"],"_links":{"self":[{"href":"https:\/\/www.hynninen.info\/index.php?rest_route=\/wp\/v2\/pages\/1039","targetHints":{"allow":["GET"]}}],"collection":[{"href":"https:\/\/www.hynninen.info\/index.php?rest_route=\/wp\/v2\/pages"}],"about":[{"href":"https:\/\/www.hynninen.info\/index.php?rest_route=\/wp\/v2\/types\/page"}],"author":[{"embeddable":true,"href":"https:\/\/www.hynninen.info\/index.php?rest_route=\/wp\/v2\/users\/1"}],"replies":[{"embeddable":true,"href":"https:\/\/www.hynninen.info\/index.php?rest_route=%2Fwp%2Fv2%2Fcomments&post=1039"}],"version-history":[{"count":1,"href":"https:\/\/www.hynninen.info\/index.php?rest_route=\/wp\/v2\/pages\/1039\/revisions"}],"predecessor-version":[{"id":1040,"href":"https:\/\/www.hynninen.info\/index.php?rest_route=\/wp\/v2\/pages\/1039\/revisions\/1040"}],"up":[{"embeddable":true,"href":"https:\/\/www.hynninen.info\/index.php?rest_route=\/wp\/v2\/pages\/1023"}],"wp:attachment":[{"href":"https:\/\/www.hynninen.info\/index.php?rest_route=%2Fwp%2Fv2%2Fmedia&parent=1039"}],"curies":[{"name":"wp","href":"https:\/\/api.w.org\/{rel}","templated":true}]}}