{"id":1041,"date":"2023-05-07T18:50:14","date_gmt":"2023-05-07T15:50:14","guid":{"rendered":"https:\/\/hynninen.datalatu.fi\/?page_id=1041"},"modified":"2023-05-07T18:50:15","modified_gmt":"2023-05-07T15:50:15","slug":"inkerin-kolppanan-srk","status":"publish","type":"page","link":"https:\/\/www.hynninen.info\/?page_id=1041","title":{"rendered":"Inkerin Kolppanan srk"},"content":{"rendered":"\n<p>Pyh\u00e4n Pietarin kirkko.<br>R:no 9 24.3.1992.<br>188350 Pietari<br>Hatsina, P.Kolppana, Tsentralnaja 1.<\/p>\n\n\n\n<p>Kolppanan pappi Arvo Soittu, Rossija, Leningradskaja obl. Gatsina, B. Kolpany, Pobedy 15-28. +7-812-71-56201.<\/p>\n\n\n\n<p>Kolppanan tili Suomessa. Kosken Tl op 471010-216599.<\/p>\n\n\n\n<figure class=\"wp-block-image\"><img decoding=\"async\" src=\"https:\/\/www.hynninen.info\/kuvat\/arvo.jpg\" alt=\"Arvo Soittu\"\/><\/figure>\n\n\n\n<figure class=\"wp-block-image\"><img decoding=\"async\" src=\"https:\/\/www.hynninen.info\/kuvat\/inkolp1.jpg\" alt=\"Kolppanalaisia Loviisassa\"\/><\/figure>\n\n\n\n<p>Inkerin Kolppanan pappi Arvo Soittu on ahkera suomenk\u00e4vij\u00e4 ja seurakuntansa palvelija. Arvo on tuonut usein joukkojaan Loviisaan. Yst\u00e4vyystoimintaan kuuluvat my\u00f6s talkooty\u00f6 ja ker\u00e4ykset Kolppanan hyv\u00e4ksi. Vasemmalla Arvo Soittu, oiealla inkerinsuomalaisia Tallinnasta ja Kolppanasta Loviisan rauhanfoorumissa 1999.<\/p>\n","protected":false},"excerpt":{"rendered":"<p>Pyh\u00e4n Pietarin kirkko.R:no 9 24.3.1992.188350 PietariHatsina, P.Kolppana, Tsentralnaja 1. Kolppanan pappi Arvo Soittu, Rossija, Leningradskaja obl. Gatsina, B. Kolpany, Pobedy 15-28. +7-812-71-56201. Kolppanan tili Suomessa. Kosken Tl op 471010-216599. Inkerin Kolppanan pappi Arvo Soittu on ahkera suomenk\u00e4vij\u00e4 ja seurakuntansa palvelija. Arvo on tuonut usein joukkojaan Loviisaan. Yst\u00e4vyystoimintaan kuuluvat my\u00f6s talkooty\u00f6 ja ker\u00e4ykset Kolppanan hyv\u00e4ksi. Vasemmalla &hellip; <\/p>\n<p><a class=\"more-link btn\" href=\"https:\/\/www.hynninen.info\/?page_id=1041\">Jatka lukemista<\/a><\/p>\n","protected":false},"author":1,"featured_media":0,"parent":1023,"menu_order":0,"comment_status":"closed","ping_status":"closed","template":"","meta":{"footnotes":""},"class_list":["post-1041","page","type-page","status-publish","hentry","nodate","item-wrap"],"_links":{"self":[{"href":"https:\/\/www.hynninen.info\/index.php?rest_route=\/wp\/v2\/pages\/1041","targetHints":{"allow":["GET"]}}],"collection":[{"href":"https:\/\/www.hynninen.info\/index.php?rest_route=\/wp\/v2\/pages"}],"about":[{"href":"https:\/\/www.hynninen.info\/index.php?rest_route=\/wp\/v2\/types\/page"}],"author":[{"embeddable":true,"href":"https:\/\/www.hynninen.info\/index.php?rest_route=\/wp\/v2\/users\/1"}],"replies":[{"embeddable":true,"href":"https:\/\/www.hynninen.info\/index.php?rest_route=%2Fwp%2Fv2%2Fcomments&post=1041"}],"version-history":[{"count":1,"href":"https:\/\/www.hynninen.info\/index.php?rest_route=\/wp\/v2\/pages\/1041\/revisions"}],"predecessor-version":[{"id":1042,"href":"https:\/\/www.hynninen.info\/index.php?rest_route=\/wp\/v2\/pages\/1041\/revisions\/1042"}],"up":[{"embeddable":true,"href":"https:\/\/www.hynninen.info\/index.php?rest_route=\/wp\/v2\/pages\/1023"}],"wp:attachment":[{"href":"https:\/\/www.hynninen.info\/index.php?rest_route=%2Fwp%2Fv2%2Fmedia&parent=1041"}],"curies":[{"name":"wp","href":"https:\/\/api.w.org\/{rel}","templated":true}]}}