{"id":1043,"date":"2023-05-07T18:50:38","date_gmt":"2023-05-07T15:50:38","guid":{"rendered":"https:\/\/hynninen.datalatu.fi\/?page_id=1043"},"modified":"2023-05-07T18:50:38","modified_gmt":"2023-05-07T15:50:38","slug":"tallinnan-inkerinsuomalainen-srk","status":"publish","type":"page","link":"https:\/\/www.hynninen.info\/?page_id=1043","title":{"rendered":"Tallinnan inkerinsuomalainen srk"},"content":{"rendered":"\n<p>TALLINNA P\u00fcha Peetruse<br>P\u00e4rnu<br>mnt.8-6<br>10148 Tallinn<br>tel. +372-2-446827<\/p>\n\n\n\n<p>pastori Tuomas Palola<br>puh 372-56-459191<br>s\u00e4hk\u00f6posti:&nbsp;<a href=\"mailto:tuomas.palola@evl.fi\">tuomas.palola@evl.fi<\/a>&nbsp;ja&nbsp;<a href=\"mailto:tuomas.palola@eelk.ee\">tuomas.palola@eelk.ee<\/a>&nbsp;.<br>kotisivut:&nbsp;<a href=\"http:\/\/www.eelk.ee\/tallinna.soome\" target=\"_blank\" rel=\"noreferrer noopener\">http:\/\/www.eelk.ee\/tallinna.soome<\/a><\/p>\n\n\n\n<p>Jumalanpalvelukset Pyh\u00e4n Vaimun kirkossa sunnuntaisin klo 13.<br>Jumalateenistus p\u00fchap\u00e4eviti 13.00 Tallinna P\u00fchavaimu kirikus.<\/p>\n\n\n\n<p><img decoding=\"async\" src=\"https:\/\/www.hynninen.info\/kuvat\/inke.jpg\" alt=\"Inkerinsuomalaisia\"><\/p>\n\n\n\n<p><img decoding=\"async\" src=\"https:\/\/www.hynninen.info\/kuvat\/inkal.jpg\" alt=\"Inkerilaiset Loviisassa\"><\/p>\n\n\n\n<p>Inkerinsuomalaisia ynn\u00e4 muita maahanmuuttajia retkell\u00e4 Svartholassa. Tallinnan inkerinsuomalinen kirkkokuoro Loviisassa. Loviisan rauhanfoorumi 1999.<\/p>\n","protected":false},"excerpt":{"rendered":"<p>TALLINNA P\u00fcha PeetruseP\u00e4rnumnt.8-610148 Tallinntel. +372-2-446827 pastori Tuomas Palolapuh 372-56-459191s\u00e4hk\u00f6posti:&nbsp;tuomas.palola@evl.fi&nbsp;ja&nbsp;tuomas.palola@eelk.ee&nbsp;.kotisivut:&nbsp;http:\/\/www.eelk.ee\/tallinna.soome Jumalanpalvelukset Pyh\u00e4n Vaimun kirkossa sunnuntaisin klo 13.Jumalateenistus p\u00fchap\u00e4eviti 13.00 Tallinna P\u00fchavaimu kirikus. Inkerinsuomalaisia ynn\u00e4 muita maahanmuuttajia retkell\u00e4 Svartholassa. Tallinnan inkerinsuomalinen kirkkokuoro Loviisassa. Loviisan rauhanfoorumi 1999.<\/p>\n","protected":false},"author":1,"featured_media":0,"parent":1023,"menu_order":0,"comment_status":"closed","ping_status":"closed","template":"","meta":{"footnotes":""},"class_list":["post-1043","page","type-page","status-publish","hentry","nodate","item-wrap"],"_links":{"self":[{"href":"https:\/\/www.hynninen.info\/index.php?rest_route=\/wp\/v2\/pages\/1043","targetHints":{"allow":["GET"]}}],"collection":[{"href":"https:\/\/www.hynninen.info\/index.php?rest_route=\/wp\/v2\/pages"}],"about":[{"href":"https:\/\/www.hynninen.info\/index.php?rest_route=\/wp\/v2\/types\/page"}],"author":[{"embeddable":true,"href":"https:\/\/www.hynninen.info\/index.php?rest_route=\/wp\/v2\/users\/1"}],"replies":[{"embeddable":true,"href":"https:\/\/www.hynninen.info\/index.php?rest_route=%2Fwp%2Fv2%2Fcomments&post=1043"}],"version-history":[{"count":1,"href":"https:\/\/www.hynninen.info\/index.php?rest_route=\/wp\/v2\/pages\/1043\/revisions"}],"predecessor-version":[{"id":1044,"href":"https:\/\/www.hynninen.info\/index.php?rest_route=\/wp\/v2\/pages\/1043\/revisions\/1044"}],"up":[{"embeddable":true,"href":"https:\/\/www.hynninen.info\/index.php?rest_route=\/wp\/v2\/pages\/1023"}],"wp:attachment":[{"href":"https:\/\/www.hynninen.info\/index.php?rest_route=%2Fwp%2Fv2%2Fmedia&parent=1043"}],"curies":[{"name":"wp","href":"https:\/\/api.w.org\/{rel}","templated":true}]}}