{"id":1045,"date":"2023-05-07T18:51:02","date_gmt":"2023-05-07T15:51:02","guid":{"rendered":"https:\/\/hynninen.datalatu.fi\/?page_id=1045"},"modified":"2023-05-07T18:51:02","modified_gmt":"2023-05-07T15:51:02","slug":"saksan-meldorf","status":"publish","type":"page","link":"https:\/\/www.hynninen.info\/?page_id=1045","title":{"rendered":"Saksan Meldorf"},"content":{"rendered":"\n<figure class=\"wp-block-table\"><table><tbody><tr><td><img decoding=\"async\" src=\"https:\/\/www.hynninen.info\/kuvat\/tb\/tb_sle.jpg\" alt=\"\"><\/td><td><img decoding=\"async\" src=\"https:\/\/www.hynninen.info\/kuvat\/tb\/tb_pope.jpg\" alt=\"\"><\/td><td><img decoding=\"async\" src=\"https:\/\/www.hynninen.info\/kuvat\/tb\/tb_kkotori.jpg\" alt=\"\"><\/td><\/tr><tr><td><img decoding=\"async\" src=\"https:\/\/www.hynninen.info\/kuvat\/tb\/tb_15.jpg\" alt=\"\"><\/td><td><img decoding=\"async\" src=\"https:\/\/www.hynninen.info\/kuvat\/tb\/tb_meldorfin.jpg\" alt=\"\"><\/td><td><img decoding=\"async\" src=\"https:\/\/www.hynninen.info\/kuvat\/tb\/tb_mado.jpg\" alt=\"\"><\/td><\/tr><\/tbody><\/table><\/figure>\n\n\n\n<p>Loviisan suomalaisen seurakunnan yst\u00e4vyysseurakunta Saksassa on Pohjanmeren rannalla sijaitseva Meldorf. Meldorfin pappi Kurt Knorr ty\u00f6skenteli aikaisemmin l\u00e4hell\u00e4 K\u00f6lni\u00e4 Forsbachin seurakunnassa. 1960-luvulla Helsingin Kulosaari ja K\u00f6lnin Forsbach solmivat yst\u00e4vyysseurakuntasopimuksen. Kulosaaren nuorisopappi Veli-Matti Hynninen ja pastori Kurt Knorr toteuttivat silloin monta kansainv\u00e4list\u00e4 nuorisokonferenssia. Kun sitten Kurt Knorr muutti Meldorfiin ja Veli-Matti Hynninen siirtyi Helsingist\u00e4 Loviisaan, alkoi Meldorfin ja Loviisan v\u00e4linen vuorovaikutus.<\/p>\n\n\n\n<p>Veli-Matti Hynninen kastoi Meldorfin kansainv\u00e4lisess\u00e4 helluntaitapahtumassa vuonna 1996 Claudia Frellesenin. Claudia konfirmoitiin 6.5. 2000. H\u00e4n oli kutsunut kastepappinsa konfirmaatiojuhlaansa. Kuvissa v\u00e4l\u00e4hdyksi\u00e4 keskieurooppalaisesta atmosf\u00e4\u00e4rist\u00e4 Euroopan eri reunoilta Budapestist\u00e4 Roomaan. Dietmarschenin kartta. Puolalaiset paavin vastaanotolla. Kuvassa Meldorfin tuomiokirkko. Claudian kastepappi nauttii Pohjanmeren raikkaasta vedest\u00e4 konfirmaation j\u00e4lkeen 7.5.2000. Meldorfin kirkkotorin rakennuksia.<\/p>\n","protected":false},"excerpt":{"rendered":"<p>Loviisan suomalaisen seurakunnan yst\u00e4vyysseurakunta Saksassa on Pohjanmeren rannalla sijaitseva Meldorf. Meldorfin pappi Kurt Knorr ty\u00f6skenteli aikaisemmin l\u00e4hell\u00e4 K\u00f6lni\u00e4 Forsbachin seurakunnassa. 1960-luvulla Helsingin Kulosaari ja K\u00f6lnin Forsbach solmivat yst\u00e4vyysseurakuntasopimuksen. Kulosaaren nuorisopappi Veli-Matti Hynninen ja pastori Kurt Knorr toteuttivat silloin monta kansainv\u00e4list\u00e4 nuorisokonferenssia. Kun sitten Kurt Knorr muutti Meldorfiin ja Veli-Matti Hynninen siirtyi Helsingist\u00e4 Loviisaan, alkoi Meldorfin &hellip; <\/p>\n<p><a class=\"more-link btn\" href=\"https:\/\/www.hynninen.info\/?page_id=1045\">Jatka lukemista<\/a><\/p>\n","protected":false},"author":1,"featured_media":0,"parent":1023,"menu_order":0,"comment_status":"closed","ping_status":"closed","template":"","meta":{"footnotes":""},"class_list":["post-1045","page","type-page","status-publish","hentry","nodate","item-wrap"],"_links":{"self":[{"href":"https:\/\/www.hynninen.info\/index.php?rest_route=\/wp\/v2\/pages\/1045","targetHints":{"allow":["GET"]}}],"collection":[{"href":"https:\/\/www.hynninen.info\/index.php?rest_route=\/wp\/v2\/pages"}],"about":[{"href":"https:\/\/www.hynninen.info\/index.php?rest_route=\/wp\/v2\/types\/page"}],"author":[{"embeddable":true,"href":"https:\/\/www.hynninen.info\/index.php?rest_route=\/wp\/v2\/users\/1"}],"replies":[{"embeddable":true,"href":"https:\/\/www.hynninen.info\/index.php?rest_route=%2Fwp%2Fv2%2Fcomments&post=1045"}],"version-history":[{"count":1,"href":"https:\/\/www.hynninen.info\/index.php?rest_route=\/wp\/v2\/pages\/1045\/revisions"}],"predecessor-version":[{"id":1046,"href":"https:\/\/www.hynninen.info\/index.php?rest_route=\/wp\/v2\/pages\/1045\/revisions\/1046"}],"up":[{"embeddable":true,"href":"https:\/\/www.hynninen.info\/index.php?rest_route=\/wp\/v2\/pages\/1023"}],"wp:attachment":[{"href":"https:\/\/www.hynninen.info\/index.php?rest_route=%2Fwp%2Fv2%2Fmedia&parent=1045"}],"curies":[{"name":"wp","href":"https:\/\/api.w.org\/{rel}","templated":true}]}}