{"id":165,"date":"2023-04-22T08:50:52","date_gmt":"2023-04-22T05:50:52","guid":{"rendered":"https:\/\/hynninen.datalatu.fi\/?page_id=165"},"modified":"2023-04-22T09:29:59","modified_gmt":"2023-04-22T06:29:59","slug":"kirkkoherra-rovastiveli-matti-hynninen","status":"publish","type":"page","link":"https:\/\/www.hynninen.info\/?page_id=165","title":{"rendered":"Pilkkeit\u00e4 el\u00e4m\u00e4st\u00e4ni"},"content":{"rendered":"\n<figure class=\"wp-block-gallery has-nested-images columns-default is-cropped wp-block-gallery-1 is-layout-flex wp-block-gallery-is-layout-flex\">\n<figure class=\"wp-block-image size-full\"><img loading=\"lazy\" decoding=\"async\" width=\"167\" height=\"250\" data-id=\"177\" src=\"https:\/\/hynninen.datalatu.fi\/wp-content\/uploads\/2023\/04\/stuoli.jpg\" alt=\"\" class=\"wp-image-177\"\/><figcaption class=\"wp-element-caption\">Saarnatuoli Saksanmaalla<\/figcaption><\/figure>\n\n\n\n<figure class=\"wp-block-image size-full\"><img loading=\"lazy\" decoding=\"async\" width=\"300\" height=\"200\" data-id=\"178\" src=\"https:\/\/hynninen.datalatu.fi\/wp-content\/uploads\/2023\/04\/kirj.jpg\" alt=\"\" class=\"wp-image-178\"\/><figcaption class=\"wp-element-caption\">Loviisan pappilan kirjastoa<\/figcaption><\/figure>\n\n\n\n<figure class=\"wp-block-image size-full\"><img loading=\"lazy\" decoding=\"async\" width=\"300\" height=\"200\" data-id=\"179\" src=\"https:\/\/hynninen.datalatu.fi\/wp-content\/uploads\/2023\/04\/konf.jpg\" alt=\"\" class=\"wp-image-179\"\/><figcaption class=\"wp-element-caption\">&nbsp;Konfirmaatio Loviisan kirkossa<\/figcaption><\/figure>\n\n\n\n<figure class=\"wp-block-image size-large\"><img loading=\"lazy\" decoding=\"async\" width=\"400\" height=\"300\" data-id=\"168\" src=\"https:\/\/hynninen.datalatu.fi\/wp-content\/uploads\/2023\/04\/IMGP8390.jpg\" alt=\"\" class=\"wp-image-168\" srcset=\"https:\/\/www.hynninen.info\/wp-content\/uploads\/2023\/04\/IMGP8390.jpg 400w, https:\/\/www.hynninen.info\/wp-content\/uploads\/2023\/04\/IMGP8390-300x225.jpg 300w\" sizes=\"auto, (max-width: 400px) 100vw, 400px\" \/><figcaption class=\"wp-element-caption\">Kaksoisveljekset P\u00e9ter Solym\u00e1r ja Veli-Matti Hynninen<\/figcaption><\/figure>\n<\/figure>\n\n\n\n<figure class=\"wp-block-table\"><table><tbody><tr><td><strong>Info<br><\/strong>&#8211; Pappina Helsingin Kulosaaressa, Kalliossa ja Loviisassa, 35 virkavuotta<br>&#8211; Puoliso hammasl\u00e4\u00e4k\u00e4ri Camilla Hynninen (48)<br>&#8211; Kaksi opiskelijapoikaa: Matti (30) ja Antti (28)<br>&#8211; Harrastuksena kirjat, kirjoittaminen, kansainv\u00e4liset yhteydet, ritarikuntaty\u00f6, avantouinti<br><br><strong>Hynnisen oppivuodet<br><\/strong><br><em>Olen syntynyt Enonkoskella (1944).<\/em><br>Opettajan poikana kasvoin pienest\u00e4 pit\u00e4en koulumaailmassa, 13-vuotiaana perustin urheiluseuran (1957) , kiinnostuin seurakunnan poika-, pyh\u00e4koulu- ja nuorisoty\u00f6st\u00e4 ja j\u00e4rjestin kerhoja, leirej\u00e4 ynn\u00e4 muuta toimintaa ik\u00e4tovereilleni.<br><br><em>K\u00e4vin koulua Savonlinnassa.<\/em><br>Kouluvuosinani olin mm. Savonlinnan lyseon kristillisen teinikillan puheenjohtajana. Lukiovuosinani toimin kaksi kes\u00e4\u00e4 kunnallisena urheilu- ja nuoriso-ohjaajana.<br><br><em>Armeijavuosinani (1963-64) k\u00e4vin reserviupseerikoulun (RUK 115) ja sotilaspappikurssin.<\/em><br>Kokelasaikana hoidin varusmiespapin teht\u00e4vi\u00e4 Mikkeliss\u00e4.<br><br><em>Opiskeluni Helsingin yliopiston teologisessa tiedekunnassa aloitin 1965.<\/em><br>Seurakuntaty\u00f6ni aloitin Helsingin Kulosaaressa 1966 nuoriso-ohjaajana. Jonkin aikaa tarkastelin kirkkoni el\u00e4m\u00e4\u00e4 Helsingin tuomiokapitulissa notaarin paikalta. Papiksi valmistuttuani (1972) toimin Kulosaaren nuorisopappina ja Kulosaaren yhteiskoulun uskonnonopettajana. Seuraavaksi johdin diakoniaty\u00f6t\u00e4 Kallion kappalaisena (1978-1980).<br><br><strong>Kahdenkymmenen kirkkoherravuoden haasteita<\/strong><br><em>Kaksikymment\u00e4 kirkkoherravuottani olen palvellut viihtyis\u00e4ss\u00e4 Loviisassa.<br><\/em>Pieni kaupunkiseurakunta, perinteit\u00e4, kokeiluja, innostusta. T\u00e4n\u00e4 aikana olen luotsannut YKN:n puheenjohtajana monet vuodet kaksikielist\u00e4 seurakuntayhtym\u00e4\u00e4. Viimeiset kuusi vuotta olen tutustunut Porvoon rovastikunnan l\u00e4\u00e4ninrovastina It\u00e4-Uusimaahan, sen erikokoiset seurakunnatovatkin tulleet hyvin tutuiksi. Jumalanpalveluksia pid\u00e4n niiss\u00e4 ahkerasti.<br><br><em>Kirkkoherravuosinani Loviisa ja sen seurakunta on kansainv\u00e4listynyt.<\/em><br>Olemme solmineet l\u00e4heiset yst\u00e4vyysseurakuntasuhteet mm. Unkarin Cs\u00f6m\u00f6riin, Saksan Meldorfiin, Viron Haapsaluun ja Inkerin Kolppanaan. Loviisan rauhanfoorumin p\u00e4\u00e4sihteerin\u00e4 olen p\u00e4\u00e4ssyt suomalaisugrilaisten yhteyksien lis\u00e4ksi solmimaan kontakteja monien kansojen ja kulttuurien edustajien kanssa.<br><br><em>Jatko- ja t\u00e4ydennysopintoja olen suorittanut luonnollisesti.<\/em><br>Olen jatkanut mm. kirkkohistorian, ekumeniikan, dogmatiikan, k\u00e4yt\u00e4nn\u00f6llisen teologian ja yhteiskuntatieteiden opintoja, v\u00e4it\u00f6skirjaty\u00f6ni k\u00e4sittelee kirkon viestint\u00e4\u00e4.<br><br><em>Kirkkoni luottamisteht\u00e4viin olen antautunut mm. Suomen ev.lut.luostarin aloitteentekij\u00e4n\u00e4 ja varapuheenjohtajana.<\/em><br>Olen kuulunut mm. Kirkon rauhan- ja ihmisoikeuskysymysten (RIO) neuvottelukunnan, Suomen Poikien ja Tytt\u00f6jen Keskuksen sek\u00e4 Her\u00e4tt\u00e4j\u00e4yhdistyksen hallintoelimiin.Olen kuulunut moniin valmistelu- ja ty\u00f6ryhmiin. L\u00e4\u00e4ninrovastien kokous ja jumalanpalvelusuudistus ovat tarjonneet omat teht\u00e4v\u00e4ns\u00e4. Olen osallistunut monet vuodet Suomen ev.lut kirkon ja Ven\u00e4j\u00e4n ortodoksisen kirkon oppikeskustelujen valmisteluseminaareihin. My\u00f6s anglikaanisen ja katolisen kirkon el\u00e4m\u00e4\u00e4n olen tutustunut monissa teht\u00e4viss\u00e4.<br><br><em>Helsingin hiippakunnan jumalanpalvelus- ja musiikkitoimikunnan puheenjohtajakaudellani (1992-1996 )<\/em><br>tarjoutui tavallista tarkempi mahdollisuus paneutua jumalanpalvelusel\u00e4m\u00e4n ja kirkkomusiikin haasteisiin.<br><br><em>Yhteiskunnallinen vastuukin on ottanut osansa.<\/em><br>Olen esimerkiksi Paasikivi-seuran hallituksen j\u00e4senen\u00e4 ja sihteerin\u00e4 sek\u00e4 ETYKin huippukokouksen tarkkailijana saanut kiinnostavia virikkeit\u00e4 seurakuntaty\u00f6h\u00f6ni..<br><br><em>Olen ekumeenisen Konstantinuksen ritarikunnan, OCM-Suomenlahden komturian<\/em><br>perustaja ja puheenjohtaja. T\u00e4t\u00e4 nyky\u00e4 luennoin Lapinj\u00e4rven koulutuskeskuksessa eettisist\u00e4 arvovalinnoista.<br><br><strong>Huomionosoituksia<br><\/strong>&#8211; Unkarin vapautumisjuhlien yhteydess\u00e4 Unkarin Cs\u00f6m\u00f6rin kunta nimitti minut Cs\u00f6m\u00f6rin kunniaporvariksi (1991).<br><br>&#8211; Kristillinen rauhanliike palkitsi kristillisell\u00e4 rauhanpalkinnolla (1992).<br><br>&#8211; Ordo Sancti Constantini Magni, Konstantinuksen ritarikunta nimitti OCM-Suomenlahden komtuuriksi (1998) ja komtuuriksi toiselle kaudelle (2002) 30.11.2002 &#8211; 30.11.2006.<br><br>&#8211; Tasavallan presidentti my\u00f6nsi viime itsen\u00e4isyysp\u00e4iv\u00e4n\u00e4 (1998) Suomen Valkoisen Ruusun ritarikunnan ensimm\u00e4isen luokan ritarimerkin.<br><br>&#8211; Tasavallan presidentti ylensi reservin luutnantiksi 4.6.1999<br><br>&#8211; The Interreligious and International Federation for World Peace (IIFWP) luovutti AMBASSADOR FOR PEACE- arvon Helsingiss\u00e4 26.8.2003.<br><br>&#8211; Helsingin Metropoliitta Ambrosiuksen my\u00f6nt\u00e4m\u00e4 PIISPALLINEN SIUNAUSKIRJA Veli-Matti Hynniselle 30.8.2003.<br>&#8221;Tuntien Teid\u00e4n Suomen Ortodoksista kirkkoa kohtaan osoittamanne rakkauden rukoilen Korkeimman siunausta Teille Veli-Matti Hynninen&#8221;.<br><br><strong>Julkaisuja<br><\/strong><br>Olen julkaissut sanomalehdiss\u00e4, radiossa, televisiossa, kokoomateoksissa satoja kolumneja, pakinoita, esseit\u00e4, artikkeleita.<br><br>Harrastuksia<br><br>Rakastan kirjoja, kirjoitan ahkerasti. Kansainv\u00e4liset yhteydet, erityisesti suomalaisugrilainen perinne kuuluvat harrastuksiini. Ritarikuntaty\u00f6 ja ekumenia innostavat. Harrastukseni ja hyv\u00e4n tuulen l\u00e4hteeni on talviuinti, aloitan aamuni kes\u00e4t talvet kello viidelt\u00e4 &#8211; Suomenlahdessa.<br><br><br><br><\/td><\/tr><\/tbody><\/table><\/figure>\n\n\n\n<figure class=\"wp-block-gallery has-nested-images columns-default is-cropped wp-block-gallery-2 is-layout-flex wp-block-gallery-is-layout-flex\">\n<figure class=\"wp-block-image size-large\"><img loading=\"lazy\" decoding=\"async\" width=\"150\" height=\"100\" data-id=\"173\" src=\"https:\/\/hynninen.datalatu.fi\/wp-content\/uploads\/2023\/04\/tb_svartholma.jpg\" alt=\"\" class=\"wp-image-173\"\/><figcaption class=\"wp-element-caption\">Perinnejumalanpalvelus yhdess\u00e4 unkarilaisen kollegani P\u00e9ter Solym\u00e1rin kanssa<\/figcaption><\/figure>\n\n\n\n<figure class=\"wp-block-image size-full\"><img loading=\"lazy\" decoding=\"async\" width=\"260\" height=\"170\" data-id=\"181\" src=\"https:\/\/hynninen.datalatu.fi\/wp-content\/uploads\/2023\/04\/teksti1.jpg\" alt=\"\" class=\"wp-image-181\"\/><figcaption class=\"wp-element-caption\">Ritarip\u00e4ivill\u00e4 H\u00e4meenlinnassa OCM-ritarikunta.<\/figcaption><\/figure>\n\n\n\n<figure class=\"wp-block-image size-large\"><img loading=\"lazy\" decoding=\"async\" width=\"150\" height=\"100\" data-id=\"172\" src=\"https:\/\/hynninen.datalatu.fi\/wp-content\/uploads\/2023\/04\/tb_svart.jpg\" alt=\"\" class=\"wp-image-172\"\/><figcaption class=\"wp-element-caption\">Svartholman saarella<\/figcaption><\/figure>\n<\/figure>\n","protected":false},"excerpt":{"rendered":"<p>Info&#8211; Pappina Helsingin Kulosaaressa, Kalliossa ja Loviisassa, 35 virkavuotta&#8211; Puoliso hammasl\u00e4\u00e4k\u00e4ri Camilla Hynninen (48)&#8211; Kaksi opiskelijapoikaa: Matti (30) ja Antti (28)&#8211; Harrastuksena kirjat, kirjoittaminen, kansainv\u00e4liset yhteydet, ritarikuntaty\u00f6, avantouinti Hynnisen oppivuodetOlen syntynyt Enonkoskella (1944).Opettajan poikana kasvoin pienest\u00e4 pit\u00e4en koulumaailmassa, 13-vuotiaana perustin urheiluseuran (1957) , kiinnostuin seurakunnan poika-, pyh\u00e4koulu- ja nuorisoty\u00f6st\u00e4 ja j\u00e4rjestin kerhoja, leirej\u00e4 ynn\u00e4 muuta &hellip; <\/p>\n<p><a class=\"more-link btn\" href=\"https:\/\/www.hynninen.info\/?page_id=165\">Jatka lukemista<\/a><\/p>\n","protected":false},"author":1,"featured_media":0,"parent":128,"menu_order":0,"comment_status":"closed","ping_status":"closed","template":"","meta":{"footnotes":""},"class_list":["post-165","page","type-page","status-publish","hentry","nodate","item-wrap"],"_links":{"self":[{"href":"https:\/\/www.hynninen.info\/index.php?rest_route=\/wp\/v2\/pages\/165","targetHints":{"allow":["GET"]}}],"collection":[{"href":"https:\/\/www.hynninen.info\/index.php?rest_route=\/wp\/v2\/pages"}],"about":[{"href":"https:\/\/www.hynninen.info\/index.php?rest_route=\/wp\/v2\/types\/page"}],"author":[{"embeddable":true,"href":"https:\/\/www.hynninen.info\/index.php?rest_route=\/wp\/v2\/users\/1"}],"replies":[{"embeddable":true,"href":"https:\/\/www.hynninen.info\/index.php?rest_route=%2Fwp%2Fv2%2Fcomments&post=165"}],"version-history":[{"count":5,"href":"https:\/\/www.hynninen.info\/index.php?rest_route=\/wp\/v2\/pages\/165\/revisions"}],"predecessor-version":[{"id":182,"href":"https:\/\/www.hynninen.info\/index.php?rest_route=\/wp\/v2\/pages\/165\/revisions\/182"}],"up":[{"embeddable":true,"href":"https:\/\/www.hynninen.info\/index.php?rest_route=\/wp\/v2\/pages\/128"}],"wp:attachment":[{"href":"https:\/\/www.hynninen.info\/index.php?rest_route=%2Fwp%2Fv2%2Fmedia&parent=165"}],"curies":[{"name":"wp","href":"https:\/\/api.w.org\/{rel}","templated":true}]}}